{"id":186,"date":"2018-02-19T12:50:29","date_gmt":"2018-02-19T09:50:29","guid":{"rendered":"http:\/\/sahinlermatbaa.com\/wp\/?page_id=186"},"modified":"2018-03-21T12:04:31","modified_gmt":"2018-03-21T09:04:31","slug":"kartela-basligi","status":"publish","type":"page","link":"https:\/\/sahinlermatbaa.com\/wp\/?page_id=186","title":{"rendered":"Kartela &#038; Ba\u015fl\u0131\u011f\u0131"},"content":{"rendered":"<div class=\"foogallery foogallery-container foogallery-default foogallery-lightbox-foobox fg-gutter-25 fg-center fg-default fg-light fg-border-thin fg-shadow-outline fg-loading-default fg-loaded-fade-in fg-caption-hover fg-hover-fade fg-hover-zoom fg-ready\" id=\"foogallery-gallery-317\" data-foogallery=\"{&quot;item&quot;:{&quot;showCaptionTitle&quot;:true,&quot;showCaptionDescription&quot;:true},&quot;lazy&quot;:true,&quot;src&quot;:&quot;data-src-fg&quot;,&quot;srcset&quot;:&quot;data-srcset-fg&quot;}\" data-fg-common-fields=\"1\" >\r\n\t<div class=\"fg-item\"><figure class=\"fg-item-inner\"><a href=\"https:\/\/sahinlermatbaa.com\/wp\/wp-content\/uploads\/2018\/02\/KartelaBrillantHomeVogueDiva.jpg\" target=\"_self\" data-attachment-id=\"118\" class=\"fg-thumb\"><span class=\"fg-image-wrap\"><img width=\"250\" height=\"250\" data-src-fg=\"https:\/\/sahinlermatbaa.com\/wp\/wp-content\/uploads\/cache\/2018\/02\/KartelaBrillantHomeVogueDiva\/2315913418.jpg\" class=\"fg-image\" \/><\/span><\/a><figcaption class=\"fg-caption\"><div class=\"fg-caption-inner\"><\/div><\/figcaption><\/figure><div class=\"fg-loader\"><\/div><\/div><div class=\"fg-item\"><figure class=\"fg-item-inner\"><a href=\"https:\/\/sahinlermatbaa.com\/wp\/wp-content\/uploads\/2018\/02\/KartelaVogue.jpg\" data-attachment-id=\"139\" class=\"fg-thumb\"><span class=\"fg-image-wrap\"><img width=\"250\" height=\"250\" data-src-fg=\"https:\/\/sahinlermatbaa.com\/wp\/wp-content\/uploads\/cache\/2018\/02\/KartelaVogue\/1250186156.jpg\" class=\"fg-image\" \/><\/span><\/a><figcaption class=\"fg-caption\"><div class=\"fg-caption-inner\"><\/div><\/figcaption><\/figure><div class=\"fg-loader\"><\/div><\/div><div class=\"fg-item\"><figure class=\"fg-item-inner\"><a href=\"https:\/\/sahinlermatbaa.com\/wp\/wp-content\/uploads\/2018\/02\/KartelaBrillifePlatinum.jpg\" data-attachment-id=\"125\" class=\"fg-thumb\"><span class=\"fg-image-wrap\"><img width=\"250\" height=\"250\" data-src-fg=\"https:\/\/sahinlermatbaa.com\/wp\/wp-content\/uploads\/cache\/2018\/02\/KartelaBrillifePlatinum\/2946171170.jpg\" class=\"fg-image\" \/><\/span><\/a><figcaption class=\"fg-caption\"><div class=\"fg-caption-inner\"><\/div><\/figcaption><\/figure><div class=\"fg-loader\"><\/div><\/div><div class=\"fg-item\"><figure class=\"fg-item-inner\"><a href=\"https:\/\/sahinlermatbaa.com\/wp\/wp-content\/uploads\/2018\/02\/KartelaBrillifeTrendCreation.jpg\" data-attachment-id=\"126\" class=\"fg-thumb\"><span class=\"fg-image-wrap\"><img width=\"250\" height=\"250\" data-src-fg=\"https:\/\/sahinlermatbaa.com\/wp\/wp-content\/uploads\/cache\/2018\/02\/KartelaBrillifeTrendCreation\/1331903356.jpg\" class=\"fg-image\" \/><\/span><\/a><figcaption class=\"fg-caption\"><div class=\"fg-caption-inner\"><\/div><\/figcaption><\/figure><div class=\"fg-loader\"><\/div><\/div><div class=\"fg-item\"><figure class=\"fg-item-inner\"><a href=\"https:\/\/sahinlermatbaa.com\/wp\/wp-content\/uploads\/2018\/02\/KartelaBrillantVogueVisage.jpg\" data-attachment-id=\"124\" class=\"fg-thumb\"><span class=\"fg-image-wrap\"><img width=\"250\" height=\"250\" data-src-fg=\"https:\/\/sahinlermatbaa.com\/wp\/wp-content\/uploads\/cache\/2018\/02\/KartelaBrillantVogueVisage\/1696385357.jpg\" class=\"fg-image\" \/><\/span><\/a><figcaption class=\"fg-caption\"><div class=\"fg-caption-inner\"><\/div><\/figcaption><\/figure><div class=\"fg-loader\"><\/div><\/div><div class=\"fg-item\"><figure class=\"fg-item-inner\"><a href=\"https:\/\/sahinlermatbaa.com\/wp\/wp-content\/uploads\/2018\/02\/KartelaBrillantVogueFeminen.jpg\" data-attachment-id=\"122\" class=\"fg-thumb\"><span class=\"fg-image-wrap\"><img width=\"250\" height=\"250\" data-src-fg=\"https:\/\/sahinlermatbaa.com\/wp\/wp-content\/uploads\/cache\/2018\/02\/KartelaBrillantVogueFeminen\/2115192770.jpg\" class=\"fg-image\" \/><\/span><\/a><figcaption class=\"fg-caption\"><div class=\"fg-caption-inner\"><\/div><\/figcaption><\/figure><div class=\"fg-loader\"><\/div><\/div><div class=\"fg-item\"><figure class=\"fg-item-inner\"><a href=\"https:\/\/sahinlermatbaa.com\/wp\/wp-content\/uploads\/2018\/02\/KartelaBrillantMackha.jpg\" target=\"_self\" data-attachment-id=\"119\" class=\"fg-thumb\"><span class=\"fg-image-wrap\"><img width=\"250\" height=\"250\" data-src-fg=\"https:\/\/sahinlermatbaa.com\/wp\/wp-content\/uploads\/cache\/2018\/02\/KartelaBrillantMackha\/2019386899.jpg\" class=\"fg-image\" \/><\/span><\/a><figcaption class=\"fg-caption\"><div class=\"fg-caption-inner\"><\/div><\/figcaption><\/figure><div class=\"fg-loader\"><\/div><\/div><div class=\"fg-item\"><figure class=\"fg-item-inner\"><a href=\"https:\/\/sahinlermatbaa.com\/wp\/wp-content\/uploads\/2018\/02\/KartelaZaff.jpg\" data-attachment-id=\"140\" class=\"fg-thumb\"><span class=\"fg-image-wrap\"><img width=\"250\" height=\"250\" data-src-fg=\"https:\/\/sahinlermatbaa.com\/wp\/wp-content\/uploads\/cache\/2018\/02\/KartelaZaff\/1489936730.jpg\" class=\"fg-image\" \/><\/span><\/a><figcaption class=\"fg-caption\"><div class=\"fg-caption-inner\"><\/div><\/figcaption><\/figure><div class=\"fg-loader\"><\/div><\/div><div class=\"fg-item\"><figure class=\"fg-item-inner\"><a href=\"https:\/\/sahinlermatbaa.com\/wp\/wp-content\/uploads\/2018\/02\/KartelaViola.jpg\" data-attachment-id=\"138\" class=\"fg-thumb\"><span class=\"fg-image-wrap\"><img width=\"250\" height=\"250\" data-src-fg=\"https:\/\/sahinlermatbaa.com\/wp\/wp-content\/uploads\/cache\/2018\/02\/KartelaViola\/1534834009.jpg\" class=\"fg-image\" \/><\/span><\/a><figcaption class=\"fg-caption\"><div class=\"fg-caption-inner\"><\/div><\/figcaption><\/figure><div class=\"fg-loader\"><\/div><\/div><div class=\"fg-item\"><figure class=\"fg-item-inner\"><a href=\"https:\/\/sahinlermatbaa.com\/wp\/wp-content\/uploads\/2018\/02\/KartelaDialaDesign.jpg\" data-attachment-id=\"128\" class=\"fg-thumb\"><span class=\"fg-image-wrap\"><img width=\"250\" height=\"250\" data-src-fg=\"https:\/\/sahinlermatbaa.com\/wp\/wp-content\/uploads\/cache\/2018\/02\/KartelaDialaDesign\/3606312868.jpg\" class=\"fg-image\" \/><\/span><\/a><figcaption class=\"fg-caption\"><div class=\"fg-caption-inner\"><\/div><\/figcaption><\/figure><div class=\"fg-loader\"><\/div><\/div><div class=\"fg-item\"><figure class=\"fg-item-inner\"><a href=\"https:\/\/sahinlermatbaa.com\/wp\/wp-content\/uploads\/2018\/02\/KartelaVallini1.jpg\" data-attachment-id=\"136\" class=\"fg-thumb\"><span class=\"fg-image-wrap\"><img width=\"250\" height=\"250\" data-src-fg=\"https:\/\/sahinlermatbaa.com\/wp\/wp-content\/uploads\/cache\/2018\/02\/KartelaVallini1\/885795750.jpg\" class=\"fg-image\" \/><\/span><\/a><figcaption class=\"fg-caption\"><div class=\"fg-caption-inner\"><\/div><\/figcaption><\/figure><div class=\"fg-loader\"><\/div><\/div><div class=\"fg-item\"><figure class=\"fg-item-inner\"><a href=\"https:\/\/sahinlermatbaa.com\/wp\/wp-content\/uploads\/2018\/02\/KartelaVallini2.jpg\" data-attachment-id=\"137\" class=\"fg-thumb\"><span class=\"fg-image-wrap\"><img width=\"250\" height=\"250\" data-src-fg=\"https:\/\/sahinlermatbaa.com\/wp\/wp-content\/uploads\/cache\/2018\/02\/KartelaVallini2\/2948799164.jpg\" class=\"fg-image\" \/><\/span><\/a><figcaption class=\"fg-caption\"><div class=\"fg-caption-inner\"><\/div><\/figcaption><\/figure><div class=\"fg-loader\"><\/div><\/div><div class=\"fg-item\"><figure class=\"fg-item-inner\"><a href=\"https:\/\/sahinlermatbaa.com\/wp\/wp-content\/uploads\/2018\/02\/KartelaPerlaNak\u0131s\u0327.jpg\" data-attachment-id=\"135\" class=\"fg-thumb\"><span class=\"fg-image-wrap\"><img width=\"250\" height=\"250\" data-src-fg=\"https:\/\/sahinlermatbaa.com\/wp\/wp-content\/uploads\/cache\/2018\/02\/KartelaPerlaNak\u0131s\u0327\/448912295.jpg\" class=\"fg-image\" \/><\/span><\/a><figcaption class=\"fg-caption\"><div class=\"fg-caption-inner\"><\/div><\/figcaption><\/figure><div class=\"fg-loader\"><\/div><\/div><div class=\"fg-item\"><figure class=\"fg-item-inner\"><a href=\"https:\/\/sahinlermatbaa.com\/wp\/wp-content\/uploads\/2018\/02\/KartelaNuradilSauda.jpg\" target=\"_self\" data-attachment-id=\"134\" class=\"fg-thumb\"><span class=\"fg-image-wrap\"><img width=\"250\" height=\"250\" data-src-fg=\"https:\/\/sahinlermatbaa.com\/wp\/wp-content\/uploads\/cache\/2018\/02\/KartelaNuradilSauda\/2035694524.jpg\" class=\"fg-image\" \/><\/span><\/a><figcaption class=\"fg-caption\"><div class=\"fg-caption-inner\"><\/div><\/figcaption><\/figure><div class=\"fg-loader\"><\/div><\/div><div class=\"fg-item\"><figure class=\"fg-item-inner\"><a href=\"https:\/\/sahinlermatbaa.com\/wp\/wp-content\/uploads\/2018\/02\/KartelaCaprice.jpg\" data-attachment-id=\"127\" class=\"fg-thumb\"><span class=\"fg-image-wrap\"><img width=\"250\" height=\"250\" data-src-fg=\"https:\/\/sahinlermatbaa.com\/wp\/wp-content\/uploads\/cache\/2018\/02\/KartelaCaprice\/1963802724.jpg\" class=\"fg-image\" \/><\/span><\/a><figcaption class=\"fg-caption\"><div class=\"fg-caption-inner\"><\/div><\/figcaption><\/figure><div class=\"fg-loader\"><\/div><\/div><div class=\"fg-item\"><figure class=\"fg-item-inner\"><a href=\"https:\/\/sahinlermatbaa.com\/wp\/wp-content\/uploads\/2018\/02\/KartelaDiamondMix.jpg\" data-attachment-id=\"129\" class=\"fg-thumb\"><span class=\"fg-image-wrap\"><img width=\"250\" height=\"250\" data-src-fg=\"https:\/\/sahinlermatbaa.com\/wp\/wp-content\/uploads\/cache\/2018\/02\/KartelaDiamondMix\/3096119770.jpg\" class=\"fg-image\" \/><\/span><\/a><figcaption class=\"fg-caption\"><div class=\"fg-caption-inner\"><\/div><\/figcaption><\/figure><div class=\"fg-loader\"><\/div><\/div><div class=\"fg-item\"><figure class=\"fg-item-inner\"><a href=\"https:\/\/sahinlermatbaa.com\/wp\/wp-content\/uploads\/2018\/02\/KartelaHomeExclusive.jpg\" data-attachment-id=\"130\" class=\"fg-thumb\"><span class=\"fg-image-wrap\"><img width=\"250\" height=\"250\" data-src-fg=\"https:\/\/sahinlermatbaa.com\/wp\/wp-content\/uploads\/cache\/2018\/02\/KartelaHomeExclusive\/1461851911.jpg\" class=\"fg-image\" \/><\/span><\/a><figcaption class=\"fg-caption\"><div class=\"fg-caption-inner\"><\/div><\/figcaption><\/figure><div class=\"fg-loader\"><\/div><\/div><div class=\"fg-item\"><figure class=\"fg-item-inner\"><a href=\"https:\/\/sahinlermatbaa.com\/wp\/wp-content\/uploads\/2018\/02\/KartelaItalianStyle.jpg\" data-attachment-id=\"131\" class=\"fg-thumb\"><span class=\"fg-image-wrap\"><img width=\"250\" height=\"250\" data-src-fg=\"https:\/\/sahinlermatbaa.com\/wp\/wp-content\/uploads\/cache\/2018\/02\/KartelaItalianStyle\/329269234.jpg\" class=\"fg-image\" \/><\/span><\/a><figcaption class=\"fg-caption\"><div class=\"fg-caption-inner\"><\/div><\/figcaption><\/figure><div class=\"fg-loader\"><\/div><\/div><div class=\"fg-item\"><figure class=\"fg-item-inner\"><a href=\"https:\/\/sahinlermatbaa.com\/wp\/wp-content\/uploads\/2018\/02\/KartelaLB.jpg\" data-attachment-id=\"132\" class=\"fg-thumb\"><span class=\"fg-image-wrap\"><img width=\"250\" height=\"250\" data-src-fg=\"https:\/\/sahinlermatbaa.com\/wp\/wp-content\/uploads\/cache\/2018\/02\/KartelaLB\/3792698261.jpg\" class=\"fg-image\" \/><\/span><\/a><figcaption class=\"fg-caption\"><div class=\"fg-caption-inner\"><\/div><\/figcaption><\/figure><div class=\"fg-loader\"><\/div><\/div><div class=\"fg-item\"><figure class=\"fg-item-inner\"><a href=\"https:\/\/sahinlermatbaa.com\/wp\/wp-content\/uploads\/2018\/02\/KartelaBrillantPerdeliqueMajor.jpg\" data-attachment-id=\"121\" class=\"fg-thumb\"><span class=\"fg-image-wrap\"><img width=\"250\" height=\"250\" data-src-fg=\"https:\/\/sahinlermatbaa.com\/wp\/wp-content\/uploads\/cache\/2018\/02\/KartelaBrillantPerdeliqueMajor\/219128647.jpg\" class=\"fg-image\" \/><\/span><\/a><figcaption class=\"fg-caption\"><div class=\"fg-caption-inner\"><\/div><\/figcaption><\/figure><div class=\"fg-loader\"><\/div><\/div><div class=\"fg-item\"><figure class=\"fg-item-inner\"><a href=\"https:\/\/sahinlermatbaa.com\/wp\/wp-content\/uploads\/2018\/02\/KartelaBrillantMediterraneanDream.jpg\" data-attachment-id=\"120\" class=\"fg-thumb\"><span class=\"fg-image-wrap\"><img width=\"250\" height=\"250\" data-src-fg=\"https:\/\/sahinlermatbaa.com\/wp\/wp-content\/uploads\/cache\/2018\/02\/KartelaBrillantMediterraneanDream\/1578285299.jpg\" class=\"fg-image\" \/><\/span><\/a><figcaption class=\"fg-caption\"><div class=\"fg-caption-inner\"><\/div><\/figcaption><\/figure><div class=\"fg-loader\"><\/div><\/div><div class=\"fg-item\"><figure class=\"fg-item-inner\"><a href=\"https:\/\/sahinlermatbaa.com\/wp\/wp-content\/uploads\/2018\/02\/KartelaBask\u0131s\u0131z.jpg\" data-attachment-id=\"113\" class=\"fg-thumb\"><span class=\"fg-image-wrap\"><img width=\"250\" height=\"250\" data-src-fg=\"https:\/\/sahinlermatbaa.com\/wp\/wp-content\/uploads\/cache\/2018\/02\/KartelaBask\u0131s\u0131z\/693477924.jpg\" class=\"fg-image\" \/><\/span><\/a><figcaption class=\"fg-caption\"><div class=\"fg-caption-inner\"><\/div><\/figcaption><\/figure><div class=\"fg-loader\"><\/div><\/div><div class=\"fg-item\"><figure class=\"fg-item-inner\"><a href=\"https:\/\/sahinlermatbaa.com\/wp\/wp-content\/uploads\/2018\/02\/KartelaBiperde.jpg\" data-attachment-id=\"115\" class=\"fg-thumb\"><span class=\"fg-image-wrap\"><img width=\"250\" height=\"250\" data-src-fg=\"https:\/\/sahinlermatbaa.com\/wp\/wp-content\/uploads\/cache\/2018\/02\/KartelaBiperde\/72650576.jpg\" class=\"fg-image\" \/><\/span><\/a><figcaption class=\"fg-caption\"><div class=\"fg-caption-inner\"><\/div><\/figcaption><\/figure><div class=\"fg-loader\"><\/div><\/div><div class=\"fg-item\"><figure class=\"fg-item-inner\"><a href=\"https:\/\/sahinlermatbaa.com\/wp\/wp-content\/uploads\/2018\/02\/KartelaBDCollection.jpg\" data-attachment-id=\"114\" class=\"fg-thumb\"><span class=\"fg-image-wrap\"><img width=\"250\" height=\"250\" data-src-fg=\"https:\/\/sahinlermatbaa.com\/wp\/wp-content\/uploads\/cache\/2018\/02\/KartelaBDCollection\/2011571567.jpg\" class=\"fg-image\" \/><\/span><\/a><figcaption class=\"fg-caption\"><div class=\"fg-caption-inner\"><\/div><\/figcaption><\/figure><div class=\"fg-loader\"><\/div><\/div><div class=\"fg-item\"><figure class=\"fg-item-inner\"><a href=\"https:\/\/sahinlermatbaa.com\/wp\/wp-content\/uploads\/2018\/02\/KartelaBrilifeCarisma.jpg\" data-attachment-id=\"116\" class=\"fg-thumb\"><span class=\"fg-image-wrap\"><img width=\"250\" height=\"250\" data-src-fg=\"https:\/\/sahinlermatbaa.com\/wp\/wp-content\/uploads\/cache\/2018\/02\/KartelaBrilifeCarisma\/1695389039.jpg\" class=\"fg-image\" \/><\/span><\/a><figcaption class=\"fg-caption\"><div class=\"fg-caption-inner\"><\/div><\/figcaption><\/figure><div class=\"fg-loader\"><\/div><\/div><div class=\"fg-item\"><figure class=\"fg-item-inner\"><a href=\"https:\/\/sahinlermatbaa.com\/wp\/wp-content\/uploads\/2018\/02\/KartelaBrillantFiruze.jpg\" data-attachment-id=\"117\" class=\"fg-thumb\"><span class=\"fg-image-wrap\"><img width=\"250\" height=\"250\" data-src-fg=\"https:\/\/sahinlermatbaa.com\/wp\/wp-content\/uploads\/cache\/2018\/02\/KartelaBrillantFiruze\/3898084766.jpg\" class=\"fg-image\" \/><\/span><\/a><figcaption class=\"fg-caption\"><div class=\"fg-caption-inner\"><\/div><\/figcaption><\/figure><div class=\"fg-loader\"><\/div><\/div><\/div>\r\n\n","protected":false},"excerpt":{"rendered":"","protected":false},"author":1,"featured_media":0,"parent":52,"menu_order":0,"comment_status":"closed","ping_status":"closed","template":"page-templates\/template_fullwidth.php","meta":[],"_links":{"self":[{"href":"https:\/\/sahinlermatbaa.com\/wp\/index.php?rest_route=\/wp\/v2\/pages\/186"}],"collection":[{"href":"https:\/\/sahinlermatbaa.com\/wp\/index.php?rest_route=\/wp\/v2\/pages"}],"about":[{"href":"https:\/\/sahinlermatbaa.com\/wp\/index.php?rest_route=\/wp\/v2\/types\/page"}],"author":[{"embeddable":true,"href":"https:\/\/sahinlermatbaa.com\/wp\/index.php?rest_route=\/wp\/v2\/users\/1"}],"replies":[{"embeddable":true,"href":"https:\/\/sahinlermatbaa.com\/wp\/index.php?rest_route=%2Fwp%2Fv2%2Fcomments&post=186"}],"version-history":[{"count":3,"href":"https:\/\/sahinlermatbaa.com\/wp\/index.php?rest_route=\/wp\/v2\/pages\/186\/revisions"}],"predecessor-version":[{"id":318,"href":"https:\/\/sahinlermatbaa.com\/wp\/index.php?rest_route=\/wp\/v2\/pages\/186\/revisions\/318"}],"up":[{"embeddable":true,"href":"https:\/\/sahinlermatbaa.com\/wp\/index.php?rest_route=\/wp\/v2\/pages\/52"}],"wp:attachment":[{"href":"https:\/\/sahinlermatbaa.com\/wp\/index.php?rest_route=%2Fwp%2Fv2%2Fmedia&parent=186"}],"curies":[{"name":"wp","href":"https:\/\/api.w.org\/{rel}","templated":true}]}}