{"id":282,"date":"2018-03-19T13:11:10","date_gmt":"2018-03-19T10:11:10","guid":{"rendered":"http:\/\/sahinlermatbaa.com\/wp\/?page_id=282"},"modified":"2021-01-16T23:02:53","modified_gmt":"2021-01-16T20:02:53","slug":"iletisimana","status":"publish","type":"page","link":"https:\/\/sahinlermatbaa.com\/wp\/","title":{"rendered":"\u0130leti\u015fimAna"},"content":{"rendered":"<p><span style=\"color: #ffffff;\">\u00a0 \u015eahinler<\/span><\/p>\n<p><img loading=\"lazy\" class=\"aligncenter wp-image-368 size-large\" src=\"http:\/\/sahinlermatbaa.com\/wp\/wp-content\/uploads\/2019\/10\/2kose-1024x683.jpg\" alt=\"\" width=\"640\" height=\"427\" srcset=\"https:\/\/sahinlermatbaa.com\/wp\/wp-content\/uploads\/2019\/10\/2kose-1024x683.jpg 1024w, https:\/\/sahinlermatbaa.com\/wp\/wp-content\/uploads\/2019\/10\/2kose-300x200.jpg 300w, https:\/\/sahinlermatbaa.com\/wp\/wp-content\/uploads\/2019\/10\/2kose-768x512.jpg 768w, https:\/\/sahinlermatbaa.com\/wp\/wp-content\/uploads\/2019\/10\/2kose-780x520.jpg 780w, https:\/\/sahinlermatbaa.com\/wp\/wp-content\/uploads\/2019\/10\/2kose-400x267.jpg 400w\" sizes=\"(max-width: 640px) 100vw, 640px\" \/><\/p>\n<p style=\"text-align: center; font-size: 160%;\"><strong><span style=\"color: #243b7c;\">\u015eahinler Matbaac\u0131l\u0131k<\/span><\/strong><\/p>\n<p style=\"text-align: center; font-size: 115%;\"><a href=\"mailto:info@sahinlermatbaa.com\"><span style=\"color: #243b7c;\">info@sahinlermatbaa.com<\/span><\/a><\/p>\n<p style=\"text-align: center; font-size: 115%;\"><span style=\"color: #243b7c;\">Tel: +90 532 211 89 64<\/span><\/p>\n<p style=\"text-align: center; font-size: 115%;\"><span style=\"color: #243b7c;\">Alemdar Mh. Prof. Kaz\u0131m \u0130smail G\u00fcrkan Cd. \u00dcretmen Han No: 220 Ca\u011falo\u011flu &#8211; Fatih \/ \u0130stanbul \/ Turkey<\/span><\/p>\n<p style=\"text-align: center;\"><div id=\"wpgmza_map\" class=\"wpgmza_map\" data-settings='{\"id\":\"1\",\"map_title\":\"\\u015eahinler Matbaac\\u0131l\\u0131k\",\"map_width\":\"100\",\"map_height\":\"387\",\"map_start_lat\":\"41.010545\",\"map_start_lng\":\"28.977523\",\"map_start_location\":\"41.01054467196854,28.977522661376952\",\"map_start_zoom\":\"13\",\"default_marker\":\"0\",\"type\":\"1\",\"alignment\":\"2\",\"directions_enabled\":\"1\",\"styling_enabled\":\"0\",\"styling_json\":\"\",\"active\":\"0\",\"kml\":\"\",\"bicycle\":\"0\",\"traffic\":\"0\",\"dbox\":\"1\",\"dbox_width\":\"100\",\"listmarkers\":\"0\",\"listmarkers_advanced\":\"0\",\"filterbycat\":\"0\",\"ugm_enabled\":\"0\",\"ugm_category_enabled\":\"0\",\"fusion\":\"\",\"map_width_type\":\"\\\\%\",\"map_height_type\":\"px\",\"mass_marker_support\":\"1\",\"ugm_access\":\"0\",\"order_markers_by\":\"1\",\"order_markers_choice\":\"2\",\"show_user_location\":\"0\",\"default_to\":\"\",\"other_settings\":{\"store_locator_enabled\":2,\"store_locator_distance\":2,\"store_locator_default_radius\":\"10\",\"store_locator_not_found_message\":\"No results found in this location. Please try again.\",\"store_locator_bounce\":1,\"store_locator_query_string\":\"ZIP \\\/ Adres:\",\"store_locator_default_address\":\"\",\"wpgmza_store_locator_restrict\":\"\",\"map_max_zoom\":\"1\",\"transport_layer\":0,\"wpgmza_theme_data\":\"\",\"wpgmza_show_points_of_interest\":1,\"bicycle\":\"0\",\"traffic\":\"0\"}}' data-map-id='1' Data-maps-engine='' data-shortcode-attributes='{\"id\":\"1\"}' style=\"display:block; overflow:auto; width:100%; height:387px; float:left;\"><\/div><\/p>\n<div><\/div>\n","protected":false},"excerpt":{"rendered":"<p>\u00a0 \u015eahinler \u015eahinler Matbaac\u0131l\u0131k info@sahinlermatbaa.com Tel: +90 532 211 89 64 Alemdar Mh. Prof. Kaz\u0131m \u0130smail G\u00fcrkan Cd. \u00dcretmen Han&nbsp;[&hellip;]<\/p>\n","protected":false},"author":1,"featured_media":0,"parent":0,"menu_order":0,"comment_status":"closed","ping_status":"closed","template":"page-templates\/template_fullwidth.php","meta":[],"_links":{"self":[{"href":"https:\/\/sahinlermatbaa.com\/wp\/index.php?rest_route=\/wp\/v2\/pages\/282"}],"collection":[{"href":"https:\/\/sahinlermatbaa.com\/wp\/index.php?rest_route=\/wp\/v2\/pages"}],"about":[{"href":"https:\/\/sahinlermatbaa.com\/wp\/index.php?rest_route=\/wp\/v2\/types\/page"}],"author":[{"embeddable":true,"href":"https:\/\/sahinlermatbaa.com\/wp\/index.php?rest_route=\/wp\/v2\/users\/1"}],"replies":[{"embeddable":true,"href":"https:\/\/sahinlermatbaa.com\/wp\/index.php?rest_route=%2Fwp%2Fv2%2Fcomments&post=282"}],"version-history":[{"count":25,"href":"https:\/\/sahinlermatbaa.com\/wp\/index.php?rest_route=\/wp\/v2\/pages\/282\/revisions"}],"predecessor-version":[{"id":399,"href":"https:\/\/sahinlermatbaa.com\/wp\/index.php?rest_route=\/wp\/v2\/pages\/282\/revisions\/399"}],"wp:attachment":[{"href":"https:\/\/sahinlermatbaa.com\/wp\/index.php?rest_route=%2Fwp%2Fv2%2Fmedia&parent=282"}],"curies":[{"name":"wp","href":"https:\/\/api.w.org\/{rel}","templated":true}]}}